{"id":21,"date":"2019-11-19T15:20:06","date_gmt":"2019-11-19T18:20:06","guid":{"rendered":"http:\/\/gec.unlu.edu.ar\/?page_id=21"},"modified":"2020-08-05T22:02:41","modified_gmt":"2020-08-06T01:02:41","slug":"inicio","status":"publish","type":"page","link":"https:\/\/gec.unlu.edu.ar\/","title":{"rendered":"Gen\u00f3mica Computacional"},"content":{"rendered":"\n<p>Los organismos multicelulares superiores, como el ser humano, pueden considerarse super-organismos u holobiontes constituidos por las c\u00e9lulas propias del individuo y su microbiota simbi\u00f3tica comensal. Estas comunidades complejas de microorganismos, que incluyen bacterias, arqueas, virus, hongos, y otros  eucariotas, no s\u00f3lo median transformaciones qu\u00edmicas fisiol\u00f3gicamente importantes relacionadas con el metabolismo de nutrientes y drogas, sino tambi\u00e9n desempe\u00f1an un papel fundamental en el control de otros aspectos de la fisiolog\u00eda del individuo tales como modulaci\u00f3n del sistema inmune y el comportamiento.<\/p>\n\n\n\n<p>El Laboratorio de Gen\u00f3mica Computacional (GeC) forma parte del Programa de Estudios de Comunicaci\u00f3n y Se\u00f1alizaci\u00f3n Inter\u2013Reino (PECSI) del Departamento de Ciencias B\u00e1sicas &#8211; Universidad Nacional de Luj\u00e1n (UNLu).<\/p>\n\n\n\n<p style=\"text-align:left\">El objetivo principal del laboratorio es estudiar la interacci\u00f3n entre el conjunto de genes de organismos superiores (genoma), su metagenoma asociado (microbiota simbionte) y el ambiente. <\/p>\n\n\n\n<p>Asimismo prestamos servicios bioinform\u00e1ticos de procesamiento de datos a gran escala. Ofrecemos diferentes an\u00e1lisis a partir de datos de Secuenciaci\u00f3n de \u00daltima Generaci\u00f3n &#8211; <em>NGS &#8211;<\/em> para estudiar genomas, metagenomas provenientes de muestras complejas (microbiota asociada a tejidos humanos, plantas, suelos, sedimentos, agua, heces, etc), as\u00ed como an\u00e1lisis de ARNs codificantes y no codificantes de distintos tipos de muestras.<\/p>\n\n\n\n<p><br><\/p>\n","protected":false},"excerpt":{"rendered":"<p>Los organismos multicelulares superiores, como el ser humano, pueden considerarse super-organismos u holobiontes constituidos por las c\u00e9lulas propias del individuo y su microbiota simbi\u00f3tica comensal. Estas comunidades complejas de microorganismos, que incluyen bacterias, arqueas, virus, hongos, y otros eucariotas, no s\u00f3lo median transformaciones qu\u00edmicas fisiol\u00f3gicamente importantes relacionadas con el metabolismo de nutrientes y drogas, sino &hellip; <a href=\"https:\/\/gec.unlu.edu.ar\/\" class=\"more-link\">Continuar leyendo<span class=\"screen-reader-text\"> &#8220;Gen\u00f3mica Computacional&#8221;<\/span><\/a><\/p>\n","protected":false},"author":1,"featured_media":0,"parent":0,"menu_order":0,"comment_status":"closed","ping_status":"closed","template":"","meta":{"footnotes":""},"_links":{"self":[{"href":"https:\/\/gec.unlu.edu.ar\/index.php\/wp-json\/wp\/v2\/pages\/21"}],"collection":[{"href":"https:\/\/gec.unlu.edu.ar\/index.php\/wp-json\/wp\/v2\/pages"}],"about":[{"href":"https:\/\/gec.unlu.edu.ar\/index.php\/wp-json\/wp\/v2\/types\/page"}],"author":[{"embeddable":true,"href":"https:\/\/gec.unlu.edu.ar\/index.php\/wp-json\/wp\/v2\/users\/1"}],"replies":[{"embeddable":true,"href":"https:\/\/gec.unlu.edu.ar\/index.php\/wp-json\/wp\/v2\/comments?post=21"}],"version-history":[{"count":9,"href":"https:\/\/gec.unlu.edu.ar\/index.php\/wp-json\/wp\/v2\/pages\/21\/revisions"}],"predecessor-version":[{"id":249,"href":"https:\/\/gec.unlu.edu.ar\/index.php\/wp-json\/wp\/v2\/pages\/21\/revisions\/249"}],"wp:attachment":[{"href":"https:\/\/gec.unlu.edu.ar\/index.php\/wp-json\/wp\/v2\/media?parent=21"}],"curies":[{"name":"wp","href":"https:\/\/api.w.org\/{rel}","templated":true}]}}