{"id":53,"date":"2019-11-21T15:09:14","date_gmt":"2019-11-21T18:09:14","guid":{"rendered":"http:\/\/gec.unlu.edu.ar\/?page_id=53"},"modified":"2024-09-21T14:28:01","modified_gmt":"2024-09-21T17:28:01","slug":"integrantes","status":"publish","type":"page","link":"https:\/\/gec.unlu.edu.ar\/index.php\/integrantes\/","title":{"rendered":"Integrantes"},"content":{"rendered":"\n<p><strong>DIRECTORES<\/strong>                            <\/p>\n\n\n\n<p><strong>Dra. Fiorella S. Belforte <\/strong><a href=\"http:\/\/orcid.org\">orcid.org<\/a><br>Investigadora Independiente INEDES-CONICET (Consejo Nacional de Investigaciones Cient\u00edficas y T\u00e9cnicas) <br>Profesora de Nutrigenomica (Universidad Austral)<br>Profesora Adjunta &#8211; Qu\u00edmica Biol\u00f3gica (Universidad Nacional de Luj\u00e1n)  <\/p>\n\n\n\n<p><strong>Dr. Alberto Penas-Steinhardt <\/strong><a href=\"https:\/\/orcid.org\/0000-0002-6164-8842\">orcid.org<\/a><br>Investigador Adjunto CONICET (Consejo Nacional de Investigaciones Cient\u00edficas y T\u00e9cnicas) <br>Co-Director del Programa del Estudio de la Comunicaci\u00f3n y Se\u00f1alizaci\u00f3n Interreinos &#8211; PECSI-UNLu                                                                                              Docente &#8211; Investigador &#8211; F\u00edsica &#8211; Universidad Nacional de Luj\u00e1n    <\/p>\n\n\n\n<p><\/p>\n\n\n\n<p><strong>INVESTIGADORES<\/strong><br><\/p>\n\n\n\n<p><strong>Dr. Gabriel Tolosa<\/strong> <a href=\"https:\/\/orcid.org\/0000-0001-8237-7554\">orcid.org<\/a><br>Director del CIDETIC &#8211; UNLU (Centro de Investigaci\u00f3n , Docencia y Extensi\u00f3n en Tecnolog\u00edas de la Informaci\u00f3n y la Comunicaci\u00f3n)          Profesor Adjunto &#8211; Licenciatura en Sistemas de Informaci\u00f3n &#8211; Universidad Nacional de Luj\u00e1n <a href=\"https:\/\/cidetic.unlu.edu.ar\/\">https:\/\/cidetic.unlu.edu.ar\/<\/a><\/p>\n\n\n\n<p><strong>Dra. Ma. Cecilia Cimolai<\/strong><br>Investigadora asistente. CIC (comisi\u00f3n de investigaciones Cient\u00edficas de la Provincia de Buenos Aires)<br>Jefe de Trabajos Pr\u00e1cticos Exclusiva &#8211; Departamento de Ciencias B\u00e1sicas Unlu<\/p>\n\n\n\n<p><strong>Dra. Sabrina Costa Tartara<\/strong><br>Investigadora Asistente CONICET (Consejo Nacional de Investigaciones Cient\u00edficas y T\u00e9cnicas)<br>Docente-Investigadora del Dto. de Tecnolog\u00eda &#8211; Universidad Nacional de Luj\u00e1n  <\/p>\n\n\n\n<p><strong>Dra. Vanina varni<\/strong><br>Investigadora Asistente CONICET (Consejo Nacional de Investigaciones Cient\u00edficas y T\u00e9cnicas)<br>Universidad Nacional de Luj\u00e1n\/Departamento de ciencias b\u00e1sicas<\/p>\n\n\n\n<p><br><\/p>\n\n\n\n<p><strong>ESTUDIANTES DE POSGRADO<\/strong><\/p>\n\n\n\n<p><strong>Lic. Sof\u00eda Quesada<\/strong> <br>Becaria Doctoral &#8211; CONICET (Consejo Nacional de Investigaciones Cient\u00edficas y T\u00e9cnicas)<br><\/p>\n\n\n\n<p><strong>Lic. Ayel\u00e9n D. Rosso<\/strong><br>Becaria Doctoral \u2013 CONICET (Consejo Nacional de Investigaciones Cient\u00edficas y T\u00e9cnicas) <\/p>\n\n\n\n<p><strong>Ignacio Dei-Cas<\/strong><br>M\u00e9dico UBA (Universidad de Buenos Aires)<br>Tesista Doctoral en Medicina FMed &#8211; UBA (Facultad de Medicina) <\/p>\n\n\n\n<p><strong>Evangelina Arenielo<\/strong><br>M\u00e9dica UBA (Universidad de Buenos Aires)<br>Tesista de Maestr\u00eda en Biolog\u00eda Molecular M\u00e9dica &#8211; FFyB &amp; FCEN UBA Facultad de Farmacia y Bioqu\u00edmica &amp; Facultad de Ciencias Exactas y Naturales &#8211; UBA<\/p>\n\n\n\n<p><strong>Andrea Boiro<\/strong><br>Bioqu\u00edmica UBA (Universidad de Buenos Aires)<br>Tesista de Maestr\u00eda en Biolog\u00eda Molecular M\u00e9dica &#8211; FFyB &amp; FCEN UBA Facultad de Farmacia y Bioqu\u00edmica &amp; Facultad de Ciencias Exactas y Naturales &#8211; UBA<\/p>\n\n\n\n<p><strong>Jimena Cerezo<\/strong><br>M\u00e9dica UNT (Universidad Nacional de Tucum\u00e1n)<br>Becaria de Iniciaci\u00f3n a la Investigaci\u00f3n &#8211; Fundaci\u00f3n Florencio Fiorini<br>Servicio de Gastroenterolog\u00eda Hospital Posadas<\/p>\n\n\n\n<p><br> <br><\/p>\n\n\n\n<p><strong>ESTUDIANTES DE GRADO<\/strong><\/p>\n\n\n\n<p><strong>Valeria Soler<\/strong>                                                                                                                                      Licenciatura en simultaneidad con el Profesorado en Ciencias Biol\u00f3gicas  <br>&#8211; Universidad Nacional de Luj\u00e1n   <br>Pasant\u00eda Interna Rentada &#8211; UNLu <a href=\"http:\/\/www.suep.unlu.edu.ar\/\">http:\/\/www.suep.unlu.edu.ar\/<\/a>                                                                                                                        <\/p>\n\n\n\n<p><strong>Sebastian Mascuka<\/strong> <br>Licenciatura en Ciencias Biol\u00f3gicas &#8211; Universidad Nacional de Luj\u00e1n   <br>Pasant\u00eda Interna Rentada &#8211; UNLu <a href=\"http:\/\/www.suep.unlu.edu.ar\/\">http:\/\/www.suep.unlu.edu.ar\/<\/a>     <\/p>\n\n\n\n<p><strong>Francisco Altoe<\/strong><br>Licenciatura en Sistemas de Informaci\u00f3n &#8211; Universidad Nacional de Luj\u00e1n<br>Pasant\u00eda Interna Rentada &#8211; UNLu <a href=\"http:\/\/www.suep.unlu.edu.ar\/\">http:\/\/www.suep.unlu.edu.ar\/<\/a> <\/p>\n\n\n\n<p><strong>Agustina Colabelli<\/strong><br>Tesista de Licenciatura en Gen\u00e9tica &#8211; Universidad de Mor\u00f3n<br><\/p>\n\n\n\n<p><strong>Natalie Fern\u00e1ndez<\/strong><br>Estudiante de Medicina<br><a href=\"https:\/\/icahn.mssm.edu\/about\/departments\/environmental-public-health\/education\/international-program\">Icahn School of Medicine at Mount Sinai: International Exchange Program for Minority Students 2017<\/a> <\/p>\n\n\n\n<figure class=\"wp-block-image\"><img decoding=\"async\" loading=\"lazy\" width=\"1150\" height=\"610\" src=\"http:\/\/gec.unlu.edu.ar\/wp-content\/uploads\/2020\/07\/pecsiRecortada.jpg\" alt=\"\" class=\"wp-image-199\"\/><\/figure>\n\n\n\n<p><em>De izquierda a derecha integrantes del PECSI: Bruno Gaona, Florencia Cassani, Sof\u00eda Quesada,  Ma. Cecilia Cimolai, Carolina Barnech, Fiorella Belforte, Ayel\u00e9n Rosso, Alberto Penas Steinhardt, Federico Coluccio Leskow, Florencia Malamud, Pablo Aguilera.<\/em><\/p>\n\n\n\n<p><\/p>\n\n\n\n<p><strong>COLABORADORES<\/strong><\/p>\n\n\n\n<p><strong>Dr. Federico Coluccio-Leskow<\/strong><br>Director del Programa del Estudio de la Comunicaci\u00f3n y Se\u00f1alizaci\u00f3n Interreinos &#8211; PECSI-UNLu (Universidad Nacional de Luj\u00e1n) <a href=\"http:\/\/www.pecsi.unlu.edu.ar\/\">http:\/\/www.pecsi.unlu.edu.ar\/<\/a><\/p>\n\n\n\n<p><strong>Lic. Pablo Aguilera<\/strong><br>Becario Doctoral &#8211; INTA-CONICET (Consejo Nacional de Investigaciones Cient\u00edficas y T\u00e9cnicas) <\/p>\n\n\n\n<p><strong>Dra. Julieta Trinks<\/strong> <br>Instituto de Medicina Traslacional e Ingenier\u00eda Biom\u00e9dica (IMTIB) \u2013 CONICET &#8211; Instituto Universitario del Hospital Italiano (IUHI) <a href=\"https:\/\/instituto.hospitalitaliano.org.ar\/#!\/home\/principal\/inicio\">https:\/\/instituto.hospitalitaliano.org.ar\/#!\/home\/principal\/inicio<\/a><\/p>\n\n\n\n<p><strong>Dr. Gregorio Iraola<\/strong> <br>Laboratorio de Gen\u00f3mica Microbiana \u2013 Instituto Pasteur de Montevideo<strong> <\/strong><a href=\"http:\/\/pasteur.uy\/investigacion\/laboratorios-g4\/laboratorio-de-genomica-microbiana\/\">http:\/\/pasteur.uy\/investigacion\/laboratorios-g4\/laboratorio-de-genomica-microbiana\/<\/a><\/p>\n\n\n\n<p><strong>Dr. R\u00e9my Burcelin<\/strong> <br>Universit\u00e9 Paul Sabatier (UPS), Institut des Maladies M\u00e9taboliques et Cardiovasculaires (I2MC), Team 2: \u2018Intestinal Risk Factors, Diabetes, Dyslipidemia\u2019, Toulouse, France <a href=\"http:\/\/www.i2mc.inserm.fr\/index.php\/en\/research-teams\/team-2\">http:\/\/www.i2mc.inserm.fr\/index.php\/en\/research-teams\/team-2<\/a><a href=\"https:\/\/www.ibyme.org.ar\/laboratorios\/12\/inmunohematologia\">a<\/a><\/p>\n\n\n\n<p><strong>Dra. Karina Mari\u00f1o<\/strong> <br>Laboratorio de Glic\u00f3mica Funcional y Molecular IBYME &#8211; CONICET <a href=\"https:\/\/www.ibyme.org.ar\/laboratorios\/36\/glicomica-funcional-y-molecular\">https:\/\/www.ibyme.org.ar\/laboratorios\/36\/glicomica-funcional-y-molecular<\/a><\/p>\n\n\n\n<p><strong>Dra. Vivian Labovsky<\/strong> <br>Laboratorio de Inmunohematolog\u00eda IBYME &#8211; CONICET <a href=\"https:\/\/www.ibyme.org.ar\/laboratorios\/12\/inmunohematologia\">https:\/\/www.ibyme.org.ar\/laboratorios\/12\/inmunohematologia<\/a><\/p>\n\n\n\n<p><strong>Dra. Florencia Giliberto <\/strong> <br>Laboratorio de Distrofinopat\u00edas INIGEM UBA-CONICET<br><\/p>\n\n\n\n<p><strong>Dra. Gloria Cerrone<\/strong> <br>Laboratorio de Gen\u00e9tica de la Diabetes y del Metabolismo INIGEM UBA-CONICET<br><\/p>\n\n\n\n<p><strong>Dr. Gustavo Frechtel<\/strong><br>Laboratorio de Gen\u00e9tica de la Diabetes y del Metabolismo INIGEM UBA-CONICET<\/p>\n\n\n\n<p><strong>Dra. Claudia Milano<\/strong> <br>Servicio de Gastroenterolog\u00eda Hospital Nacional Prof. Alejandro Posadas<\/p>\n\n\n\n<p><strong>Dra. Flavia Caputo<\/strong><br>Secci\u00f3n de Inmunolog\u00eda Hospital Nacional Prof. Alejandro Posadas<\/p>\n\n\n\n<p><strong>Lic. Francisco Ton\u00edn Monz\u00f3n<\/strong><br>Docente-Investigador &#8211; Licenciatura en Sistemas de Informaci\u00f3n &#8211; UNLu (Universidad Nacional de Luj\u00e1n) <\/p>\n\n\n\n<p><strong>Dr. Mauricio De Marzi<\/strong><br>Lab. Inmunolog\u00eda &#8211; INEDES -CONICET -UNLu<\/p>\n\n\n\n<p><strong>Dra. Bettina Eissa<\/strong><br>Programa de Ecofisiolog\u00eda Aplicada &#8211; PRODEA &#8211; INEDES -CONICET -UNLu<\/p>\n\n\n\n<p><strong>Dr. Maximiliano Wilda<\/strong><br>Centro de Virolog\u00eda Animal &#8211; CEVAN &#8211; CONICET<\/p>\n\n\n\n<p><br><strong>Dra. Claudia Fuxman<\/strong>                                                                                                                  Servicio de Gastroenterolog\u00eda &#8211; Hospital Universitario Fundaci\u00f3n Favaloro<\/p>\n\n\n\n<p><br><\/p>\n","protected":false},"excerpt":{"rendered":"<p>DIRECTORES Dra. Fiorella S. Belforte orcid.orgInvestigadora Independiente INEDES-CONICET (Consejo Nacional de Investigaciones Cient\u00edficas y T\u00e9cnicas) Profesora de Nutrigenomica (Universidad Austral)Profesora Adjunta &#8211; Qu\u00edmica Biol\u00f3gica (Universidad Nacional de Luj\u00e1n) Dr. Alberto Penas-Steinhardt orcid.orgInvestigador Adjunto CONICET (Consejo Nacional de Investigaciones Cient\u00edficas y T\u00e9cnicas) Co-Director del Programa del Estudio de la Comunicaci\u00f3n y Se\u00f1alizaci\u00f3n Interreinos &#8211; PECSI-UNLu Docente &hellip; <a href=\"https:\/\/gec.unlu.edu.ar\/index.php\/integrantes\/\" class=\"more-link\">Continuar leyendo<span class=\"screen-reader-text\"> &#8220;Integrantes&#8221;<\/span><\/a><\/p>\n","protected":false},"author":1,"featured_media":0,"parent":0,"menu_order":0,"comment_status":"closed","ping_status":"closed","template":"","meta":{"footnotes":""},"_links":{"self":[{"href":"https:\/\/gec.unlu.edu.ar\/index.php\/wp-json\/wp\/v2\/pages\/53"}],"collection":[{"href":"https:\/\/gec.unlu.edu.ar\/index.php\/wp-json\/wp\/v2\/pages"}],"about":[{"href":"https:\/\/gec.unlu.edu.ar\/index.php\/wp-json\/wp\/v2\/types\/page"}],"author":[{"embeddable":true,"href":"https:\/\/gec.unlu.edu.ar\/index.php\/wp-json\/wp\/v2\/users\/1"}],"replies":[{"embeddable":true,"href":"https:\/\/gec.unlu.edu.ar\/index.php\/wp-json\/wp\/v2\/comments?post=53"}],"version-history":[{"count":34,"href":"https:\/\/gec.unlu.edu.ar\/index.php\/wp-json\/wp\/v2\/pages\/53\/revisions"}],"predecessor-version":[{"id":308,"href":"https:\/\/gec.unlu.edu.ar\/index.php\/wp-json\/wp\/v2\/pages\/53\/revisions\/308"}],"wp:attachment":[{"href":"https:\/\/gec.unlu.edu.ar\/index.php\/wp-json\/wp\/v2\/media?parent=53"}],"curies":[{"name":"wp","href":"https:\/\/api.w.org\/{rel}","templated":true}]}}