{"id":55,"date":"2019-11-21T15:09:15","date_gmt":"2019-11-21T18:09:15","guid":{"rendered":"http:\/\/gec.unlu.edu.ar\/?page_id=55"},"modified":"2020-07-01T12:05:20","modified_gmt":"2020-07-01T15:05:20","slug":"investigacion","status":"publish","type":"page","link":"https:\/\/gec.unlu.edu.ar\/index.php\/investigacion\/","title":{"rendered":"Servicios"},"content":{"rendered":"\n<p class=\"has-medium-font-size\"><strong>METAGEN\u00d3MICA<\/strong><\/p>\n\n\n\n<p>Buscamos brindar respuesta al estudio de metagenomas de diferentes tipos de muestras:<\/p>\n\n\n\n<ul><li>microbioma humano: heces, tejidos, fluidos biol\u00f3gicos<\/li><li>microbioma de ambientes naturales: suelos, aguas, biofilms, plantas y animales<\/li><li>efecto antr\u00f3pico en microbioma ambiental: aguas residuales, cultivos, ganado, industria<\/li><\/ul>\n\n\n\n<p>Conocer el microbioma asociado a diferentes entornos posibilita la toma de decisiones estrat\u00e9gicas para la intervenci\u00f3n de meta-organismos y sus ambientes, propiciar entornos saludables, promover la conservaci\u00f3n y optimizar procesos productivos de manera racional e innovadora.&nbsp;<br><\/p>\n\n\n\n<p class=\"has-medium-font-size\"><strong>TRANSCRIPT\u00d3MICA<\/strong><\/p>\n\n\n\n<p>Mediante plataformas de \u00faltima generaci\u00f3n buscamos definir biomarcadores espacio-temporales asociados a diferentes organismos:<\/p>\n\n\n\n<ul><li>ARNs codificantes y no codificantes como biomarcadores de patolog\u00edas complejas con componente inflamatorio<\/li><li>Transcript\u00f3mica como biomarcador de respuesta a tratamiento<\/li><li>Evaluaci\u00f3n del efecto ambiental en transcriptomas de plantas y animales&nbsp;<\/li><li>B\u00fasqueda de ARNs de inter\u00e9s biotecnol\u00f3gico<\/li><\/ul>\n\n\n\n<p class=\"has-medium-font-size\"><strong>GEN\u00c9TICA Y GEN\u00d3MICA<\/strong><\/p>\n\n\n\n<p>Los integrantes del GEC tenemos trayectoria en estudios gen\u00e9ticos asociados a des\u00f3rdenes cong\u00e9nitos humanos, patolog\u00edas complejas con componente inflamatorio, as\u00ed como la b\u00fasqueda de biomarcadores gen\u00e9ticos de inter\u00e9s productivo. As\u00ed mismo buscamos brindar respuesta al inter\u00e9s general del estudio de genomas no caracterizados al momento. Entre los objetivos del \u00e1rea se encuentran:<\/p>\n\n\n\n<ul><li>Genotipado humano<\/li><li>Genotipado de ganado<\/li><li>Gen\u00f3mica de microorganismos<\/li><li>Gen\u00f3mica animal y vegetal<\/li><\/ul>\n","protected":false},"excerpt":{"rendered":"<p>METAGEN\u00d3MICA Buscamos brindar respuesta al estudio de metagenomas de diferentes tipos de muestras: microbioma humano: heces, tejidos, fluidos biol\u00f3gicos microbioma de ambientes naturales: suelos, aguas, biofilms, plantas y animales efecto antr\u00f3pico en microbioma ambiental: aguas residuales, cultivos, ganado, industria Conocer el microbioma asociado a diferentes entornos posibilita la toma de decisiones estrat\u00e9gicas para la intervenci\u00f3n &hellip; <a href=\"https:\/\/gec.unlu.edu.ar\/index.php\/investigacion\/\" class=\"more-link\">Continuar leyendo<span class=\"screen-reader-text\"> &#8220;Servicios&#8221;<\/span><\/a><\/p>\n","protected":false},"author":1,"featured_media":0,"parent":0,"menu_order":0,"comment_status":"closed","ping_status":"closed","template":"","meta":{"footnotes":""},"_links":{"self":[{"href":"https:\/\/gec.unlu.edu.ar\/index.php\/wp-json\/wp\/v2\/pages\/55"}],"collection":[{"href":"https:\/\/gec.unlu.edu.ar\/index.php\/wp-json\/wp\/v2\/pages"}],"about":[{"href":"https:\/\/gec.unlu.edu.ar\/index.php\/wp-json\/wp\/v2\/types\/page"}],"author":[{"embeddable":true,"href":"https:\/\/gec.unlu.edu.ar\/index.php\/wp-json\/wp\/v2\/users\/1"}],"replies":[{"embeddable":true,"href":"https:\/\/gec.unlu.edu.ar\/index.php\/wp-json\/wp\/v2\/comments?post=55"}],"version-history":[{"count":3,"href":"https:\/\/gec.unlu.edu.ar\/index.php\/wp-json\/wp\/v2\/pages\/55\/revisions"}],"predecessor-version":[{"id":209,"href":"https:\/\/gec.unlu.edu.ar\/index.php\/wp-json\/wp\/v2\/pages\/55\/revisions\/209"}],"wp:attachment":[{"href":"https:\/\/gec.unlu.edu.ar\/index.php\/wp-json\/wp\/v2\/media?parent=55"}],"curies":[{"name":"wp","href":"https:\/\/api.w.org\/{rel}","templated":true}]}}