{"id":56,"date":"2019-11-21T15:09:17","date_gmt":"2019-11-21T18:09:17","guid":{"rendered":"http:\/\/gec.unlu.edu.ar\/?page_id=56"},"modified":"2024-09-19T18:32:00","modified_gmt":"2024-09-19T21:32:00","slug":"publicaciones","status":"publish","type":"page","link":"https:\/\/gec.unlu.edu.ar\/index.php\/publicaciones\/","title":{"rendered":"Publicaciones"},"content":{"rendered":"\n<p><strong>Integrative analysis of systemic lupus erythematosus biomarkers: Role of fecal hsa-mir-223\u20133p and gut microbiota in transkingdom dynamics<\/strong>.         Sof\u00eda Quesada*, Ayel\u00e9n Daiana Rosso*, Florencia Mascardi, Valeria Soler-Rivero, Pablo Aguilera, Sebastian Nicolas Mascuka, Andrea Boiro, Evangelina Arenielo, Gustavo Vijoditz, Leila Romina Ferreyra-Mufarregue, Marina Flavia Caputo, Mar\u00eda Cecilia Cimolai, Federico Coluccio Leskow, Alberto Penas-Steinhardt, Fiorella Belforte. <a href=\"https:\/\/doi.org\/10.1016\/j.molimm.2024.05.004\" data-type=\"link\" data-id=\"https:\/\/doi.org\/10.1016\/j.molimm.2024.05.004\">Molecular Immunology 2024.<\/a><\/p>\n\n\n\n<p><strong>Comprehensive Phenotyping in Inflammatory Bowel Disease: Search for Biomarker Algorithms in the Transkingdom Interactions Context<\/strong> <br>Ayel\u00e9n D Rosso, Pablo Aguilera, Sof\u00eda Quesada, Florencia Mascardi, Sebastian N Mascuka , Mar\u00eda C Cimolai, Jimena Cerezo, Renata Spiazzi, Carolina Conlon, Claudia Milano, Gregorio M Iraola, Alberto Penas-Steinhardt, Fiorella S Belforte         <br><em>Microorganisms<\/em><strong>2022<\/strong>,&nbsp;<em>10<\/em>(11),2190; <a href=\"https:\/\/doi.org\/10.3390\/microorganisms10112190\">https:\/\/doi.org\/10.3390\/microorganisms10112190<\/a><em>    <\/em>  <\/p>\n\n\n\n<p><strong>Impact of exposure to arsenic on the bacterial microbiota associated with river biofilms in the Pampas region<\/strong><br>G A de Diego, A Penas-Steinhardt, J P Ferro, M J Palacio, N A Ossana, B L Eissa, F Belforte                                                                                                                 Aquat Toxicol. 2022 Nov;252:106319; <br><a rel=\"noreferrer noopener\" href=\"https:\/\/doi.org\/10.1016\/j.aquatox.2022.106319\" target=\"_blank\">https:\/\/doi.org\/10.1016\/j.aquatox.2022.106319<\/a> <\/p>\n\n\n\n<p><strong>A Two-Time Point Analysis of Gut Microbiota in the General Population of Buenos Aires and Its Variation Due to Preventive and Compulsory Social Isolation During the COVID-19 Pandemic<\/strong><br>Pablo Aguilera, Mar\u00eda Florencia Mascardi, Fiorella Sabrina Belforte, Ayel\u00e9n Daiana Rosso, Sof\u00eda Quesada, Ignacio Llovet, Gregorio Iraola, Julieta Trinks, Alberto Penas-Steinhardt                                                                                               Front Microbiol . 2022 Mar 24;13:803121;  <br><a href=\"https:\/\/doi.org\/10.3389\/fmicb.2022.803121\">https:\/\/doi: 10.3389\/fmicb.2022.803121.eCollection 2022<\/a><\/p>\n\n\n\n<p><strong>Plasma and stool metabolomics to identify microbiota derived-biomarkers of metabolic dysfunction-associated fatty liver disease: effect of PNPLA3 genotype<\/strong><br> Mazzini, F.N., Cook, F., Gounarides, J.&nbsp;<em>et al.<\/em>&nbsp;Plasma and stool metabolomics to identify microbiota derived-biomarkers of metabolic dysfunction-associated fatty liver disease: effect of PNPLA3 genotype.&nbsp;       <em>Metabolomics<\/em><strong>17<\/strong>, 58 (2021);                                                 <a href=\"https:\/\/doi.org\/10.1007\/s11306-021-01810-6\">https:\/\/doi.org\/10.1007\/s11306-021-01810-6<\/a><\/p>\n\n\n\n<p><strong>New insights in Ulcerative Colitis Associated Gut Microbiota in South American Population: Akkermansia and Collinsella, two distinctive genera found in Argentine subjects.   <\/strong>Ayelen Rosso, Pablo Aguilera, Sofia Quesada, Jimena Cerezo, Renata Spiazzi, Carolina Conlon, Claudia Milano, Gregorio Iraola, Federico Coluccio-Leskow, Alberto Penas-Steinhardt, Fiorella S BelfortemedRxiv 2020.07.29.20164764; <a href=\"https:\/\/doi.org\/10.1101\/2020.07.29.20164764\">https:\/\/doi.org\/10.1101\/2020.07.29.20164764<\/a><\/p>\n\n\n\n<p><strong>Metagenomic analysis of gut microbiota in non-treated plaque psoriasis patients stratified by disease severity. Development of a new Psoriasis-Microbiome Index.<\/strong>&nbsp;<br>Dei-Cas, Ignacio; Giliberto, Florencia; Luce, Leonela; Dopazo, Hern\u00e1n and Alberto Penas-Steinhardt. julio 2020. <br><em>Scientific Reports <\/em><strong>volume&nbsp;10<\/strong>, Article number: 12754 (2020);       <a href=\"https:\/\/www.nature.com\/articles\/s41598-020-69537-3\">https:\/\/www.nature.com\/articles\/s41598-020-69537-3<\/a><\/p>\n\n\n\n<p><strong>Getting To Know The Gut Microbial Diversity Of Metropolitan Buenos Aires Inhabitants.<\/strong><br>Fiorella S. Belforte, Natalie Fernandez, Francisco Ton\u00edn Monz\u00f3n, Ayel\u00e9n D. Rosso, Sof\u00eda Quesada, Mar\u00eda C. Cimolai,  Andrea Mill\u00e1n, Gloria E. Cerrone, Gustavo D. Frechtel, Remy Burcelin, Federico Coluccio Leskow and Alberto Penas-Steinhardt. &nbsp;21 May 2019; <br><a href=\"https:\/\/www.frontiersin.org\/articles\/10.3389\/fmicb.2019.00965\/full\">Front. Microbiol. | doi: 10.3389\/fmicb.2019.00965  <\/a><\/p>\n\n\n\n<p><strong>Immunological and clinical characteristics of latent autoimmune diabetes in the elderly<\/strong><br>Yohena, S; Penas Steinhardt, A; Muller, C; Faccinetti N, Cerrone, GE; Lovecchio, S ; Ridner, E ; Valdez, S ; Frechtel, G. 11 February 2019;<br><a href=\"https:\/\/onlinelibrary.wiley.com\/doi\/abs\/10.1002\/dmrr.3137\">Diabetes Metab Res Rev. 2019 Feb 11:e3137. doi: 10.1002\/dmrr.3137  <\/a><br><\/p>\n\n\n\n<p><strong>Metabolically healthy obese individuals present similar chronic inflammation level but less insulin-resistance than obese individuals with metabolic s\u00edndrome.&nbsp;<\/strong><br>Andrea Elena Iglesias Molli , Alberto Penas Steinhardt, Ariel Pablo L\u00f3pez, Claudio Daniel Gonz\u00e1lez, Jorge Vilari\u00f1o, Gustavo Daniel Frechtel, Gloria Edith Cerrone. December 28, 2017;<br><a href=\"https:\/\/journals.plos.org\/plosone\/article?id=10.1371\/journal.pone.0190528\">PlosOne. December 28, 2017 https:\/\/doi.org\/10.1371\/journal.pone.0190528  <\/a><\/p>\n\n\n\n<p><\/p>\n\n\n\n<p>                      <\/p>\n\n\n\n<p> <\/p>\n\n\n\n<p><\/p>\n\n\n\n<p><br><\/p>\n\n\n\n<p><br><\/p>\n\n\n\n<p><br><\/p>\n\n\n\n<p><br><\/p>\n","protected":false},"excerpt":{"rendered":"<p>Integrative analysis of systemic lupus erythematosus biomarkers: Role of fecal hsa-mir-223\u20133p and gut microbiota in transkingdom dynamics. Sof\u00eda Quesada*, Ayel\u00e9n Daiana Rosso*, Florencia Mascardi, Valeria Soler-Rivero, Pablo Aguilera, Sebastian Nicolas Mascuka, Andrea Boiro, Evangelina Arenielo, Gustavo Vijoditz, Leila Romina Ferreyra-Mufarregue, Marina Flavia Caputo, Mar\u00eda Cecilia Cimolai, Federico Coluccio Leskow, Alberto Penas-Steinhardt, Fiorella Belforte. Molecular Immunology &hellip; <a href=\"https:\/\/gec.unlu.edu.ar\/index.php\/publicaciones\/\" class=\"more-link\">Continuar leyendo<span class=\"screen-reader-text\"> &#8220;Publicaciones&#8221;<\/span><\/a><\/p>\n","protected":false},"author":1,"featured_media":0,"parent":0,"menu_order":0,"comment_status":"closed","ping_status":"closed","template":"","meta":{"footnotes":""},"_links":{"self":[{"href":"https:\/\/gec.unlu.edu.ar\/index.php\/wp-json\/wp\/v2\/pages\/56"}],"collection":[{"href":"https:\/\/gec.unlu.edu.ar\/index.php\/wp-json\/wp\/v2\/pages"}],"about":[{"href":"https:\/\/gec.unlu.edu.ar\/index.php\/wp-json\/wp\/v2\/types\/page"}],"author":[{"embeddable":true,"href":"https:\/\/gec.unlu.edu.ar\/index.php\/wp-json\/wp\/v2\/users\/1"}],"replies":[{"embeddable":true,"href":"https:\/\/gec.unlu.edu.ar\/index.php\/wp-json\/wp\/v2\/comments?post=56"}],"version-history":[{"count":13,"href":"https:\/\/gec.unlu.edu.ar\/index.php\/wp-json\/wp\/v2\/pages\/56\/revisions"}],"predecessor-version":[{"id":296,"href":"https:\/\/gec.unlu.edu.ar\/index.php\/wp-json\/wp\/v2\/pages\/56\/revisions\/296"}],"wp:attachment":[{"href":"https:\/\/gec.unlu.edu.ar\/index.php\/wp-json\/wp\/v2\/media?parent=56"}],"curies":[{"name":"wp","href":"https:\/\/api.w.org\/{rel}","templated":true}]}}