{"id":57,"date":"2019-11-21T15:09:18","date_gmt":"2019-11-21T18:09:18","guid":{"rendered":"http:\/\/gec.unlu.edu.ar\/?page_id=57"},"modified":"2024-09-20T09:15:23","modified_gmt":"2024-09-20T12:15:23","slug":"servicios","status":"publish","type":"page","link":"https:\/\/gec.unlu.edu.ar\/index.php\/servicios\/","title":{"rendered":"Investigaci\u00f3n"},"content":{"rendered":"\n<p>En el GEC llevamos adelante distintos proyectos de investigaci\u00f3n en Gen\u00f3mica, Metagen\u00f3mica y Transcript\u00f3mica. Las principales \u00e1reas de estudio son:<br><\/p>\n\n\n\n<p><strong>CARACTERIZACI\u00d3N DEL MICROBIOMA HUMANO, ANIMAL Y AMBIENTAL<\/strong><\/p>\n\n\n\n<p>El microbioma es el conjunto de microorganismos y virus que co-existen en cada ambiente de la Tierra, desde el fondo del oc\u00e9ano hasta la piel humana. Los microbiomas son ecosistemas din\u00e1micos y complejos constituidos por cientos a miles de miembros. En los seres vivos, existe un microbioma caracter\u00edstico en los diferentes sitios corporales, conviviendo en la mayor\u00eda de los casos en una relaci\u00f3n simbi\u00f3tica comensal con el hospedador participando en funciones vitales. Su capacidad biotransformadora puede impactar desde la salud de los organismos vivos, el ambiente en el que est\u00e1n inmersos, hasta en las caracter\u00edsticas fisicoqu\u00edmicas de materiales utilizados en entornos productivos. Es por ellos que en el GEC nos enfocamos en el estudio de microbiomas, su rol ambiental y factores estrat\u00e9gicos para su modulaci\u00f3n.<\/p>\n\n\n\n<p><strong>ARNs NO CODIFICANTES Y SU ROL EN LA COMUNICACI\u00d3N INTER-REINO<\/strong><\/p>\n\n\n\n<p>Los microorganismos simbiontes humanos superan en n\u00famero a nuestras c\u00e9lulas y se estima que expresan 100 veces m\u00e1s genes que los presentes en nuestro genoma, manteniendo una comunicaci\u00f3n estrecha con el hospedador. Hoy sabemos que esta comunicaci\u00f3n \u201cinter-reino\u201d es mediada, al menos en parte, por microves\u00edculas y que la presencia de estos organismos en diversos nichos corporales puede modularse por factores ambientales. Entre las microves\u00edculas de tama\u00f1o nanom\u00e9trico conocidas se encuentran los exosomas, que desempe\u00f1an un papel fundamental en la comunicaci\u00f3n de c\u00e9lula a c\u00e9lula mediada por ARNs, especialmente en procesos inflamatorios y malignos. Estudiar la din\u00e1mica de expresi\u00f3n de ARNs no codificantes en distintos contextos biol\u00f3gicos, propone definir estrategias diagn\u00f3sticas personalizadas, as\u00ed como traer luz a mecanismos de interacci\u00f3n microbiota-hospedador mediados por ANRs no codificantes.<\/p>\n\n\n\n<p>Adicionalmente nos encontramos trabajando en colaboraci\u00f3n con diferentes proyectos interdisciplinarios:<\/p>\n\n\n\n<ul>\n<li>B\u00fasqueda de nuevos biomarcadores asociados al ecosistema microbiano oral como predictores de respuesta a tratamiento biol\u00f3gico en psoriasis severa. <strong>Lena Eimer<\/strong>, <strong>Hospital Universitario Austral.<\/strong><\/li>\n<\/ul>\n\n\n\n<ul>\n<li>Secuenciaci\u00f3n de 3ra generaci\u00f3n para discriminar eventos de reinfecci\u00f3n vs reactivaci\u00f3n del virus de papiloma humano y su relaci\u00f3n con el microbioma vaginal. <strong>Carolina Maya, Hospital Universitario Austral.<\/strong><\/li>\n<\/ul>\n\n\n\n<ul>\n<li>Aportes metagen\u00f3micos y metatranscript\u00f3micos en Colitis Ulcerosa: b\u00fasqueda de herramientas integrales de diagn\u00f3stico y seguimiento. <strong>Dra. Claudia Fuxman. Hospital Universitario Fundaci\u00f3n Favaloro (HUFF).<\/strong><\/li>\n<\/ul>\n\n\n\n<ul>\n<li> Organizaci\u00f3n dedicada a la prestaci\u00f3n de servicios anal\u00edticos, de tecnolog\u00eda y de asistencia t\u00e9cnica para las industrias de alimentos, de energ\u00eda y de ambiente . <strong>Dr. Juan Mart\u00edn Oteiza. CIATI.<\/strong><\/li>\n<\/ul>\n\n\n\n<ul>\n<li>Latinbiota: comprendiendo la evoluci\u00f3n, transmisi\u00f3n y resistencia a antibi\u00f3ticos de pat\u00f3genos asociados a la microbiota en pa\u00edses de Latinoam\u00e9rica. <strong>Dr. Gregorio Iraola. Wellcome Sanger Institute.<\/strong><\/li>\n<\/ul>\n\n\n\n<ul>\n<li>Estudio del microbioma intestinal y su asociaci\u00f3n con el h\u00edgado graso no alcoh\u00f3lico en Argentina &#8211; <strong>Dra. Julieta Trinks. Hospital Italiano<\/strong><\/li>\n<\/ul>\n\n\n\n<ul>\n<li>Biomarcadores metabol\u00f3micos fecales y plasm\u00e1ticos y su asociaci\u00f3n con el h\u00edgado graso no alcoh\u00f3lico en Argentina. <strong>Dra. Julieta Trinks. Hospital Italiano<\/strong><\/li>\n<\/ul>\n\n\n\n<ul>\n<li>Glicobiolog\u00eda y comunicaci\u00f3n inter-reino en enfermedades inflamatorias intestinales en poblaci\u00f3n Argentina. <strong>Dra. Karina Mari\u00f1o. IBYME-CONICET<\/strong><\/li>\n<\/ul>\n\n\n\n<ul>\n<li>Relevancia del microbioma en tejido tumoral de pacientes con c\u00e1ncer de mama temprano. <strong>Dra. Vivian Labovsky<\/strong>. <strong>IBYME-CONICET<\/strong><\/li>\n<\/ul>\n\n\n\n<ul>\n<li>Microves\u00edculas de bacterias l\u00e1cticas como encapsulantes de mol\u00e9culas bioactivas para enriquecer un alimento bebible en base a quinoa, nutricionalmente recomendado para adultos mayores. <strong>Dr. Federico Coluccio Leskow. PECSI-UNLU\ufeff<\/strong><\/li>\n<\/ul>\n\n\n\n<ul>\n<li>B\u00fasqueda de Biomarcadores Moleculares en Enfermedad Cel\u00edaca. <strong>Dr. Mauricio De Marzi. INEDES-CONICET-UNLU<\/strong><\/li>\n<\/ul>\n\n\n\n<ul>\n<li>An\u00e1lisis metagen\u00f3mico en biofilms de ecosistemas acu\u00e1ticos sometidos a contaminaci\u00f3n por As y su efecto en Cnesterodon decemmaculatus (Poeciliidae, Cyprinodontiformes). <strong>Dra. Bettina Eissa. INEDES-CONICET-UNLU<\/strong><\/li>\n<\/ul>\n\n\n\n<ul>\n<li>Plataforma para el diagn\u00f3stico y prevenci\u00f3n de enfermedades en animales de importancia productiva: metagen\u00f3mica de peces (salm\u00f3nidos y tilapia) y bovinos. <strong>Dr. Maximiliano Wilda-CEVAN-CONICET<\/strong><\/li>\n<\/ul>\n\n\n\n<ul>\n<li>An\u00e1lisis bioinform\u00e1tico de RNA-seq: una perspectiva para plantas medicinales. <strong>Dra. Sabrina Costa Tartara -INTA-CONICET<\/strong><\/li>\n<\/ul>\n\n\n\n<p><br><\/p>\n\n\n\n<p><br><\/p>\n\n\n\n<p><br><\/p>\n\n\n\n<p><br><\/p>\n\n\n\n<p class=\"has-small-font-size\"><br><\/p>\n","protected":false},"excerpt":{"rendered":"<p>En el GEC llevamos adelante distintos proyectos de investigaci\u00f3n en Gen\u00f3mica, Metagen\u00f3mica y Transcript\u00f3mica. Las principales \u00e1reas de estudio son: CARACTERIZACI\u00d3N DEL MICROBIOMA HUMANO, ANIMAL Y AMBIENTAL El microbioma es el conjunto de microorganismos y virus que co-existen en cada ambiente de la Tierra, desde el fondo del oc\u00e9ano hasta la piel humana. Los microbiomas &hellip; <a href=\"https:\/\/gec.unlu.edu.ar\/index.php\/servicios\/\" class=\"more-link\">Continuar leyendo<span class=\"screen-reader-text\"> &#8220;Investigaci\u00f3n&#8221;<\/span><\/a><\/p>\n","protected":false},"author":1,"featured_media":0,"parent":0,"menu_order":0,"comment_status":"closed","ping_status":"closed","template":"","meta":{"footnotes":""},"_links":{"self":[{"href":"https:\/\/gec.unlu.edu.ar\/index.php\/wp-json\/wp\/v2\/pages\/57"}],"collection":[{"href":"https:\/\/gec.unlu.edu.ar\/index.php\/wp-json\/wp\/v2\/pages"}],"about":[{"href":"https:\/\/gec.unlu.edu.ar\/index.php\/wp-json\/wp\/v2\/types\/page"}],"author":[{"embeddable":true,"href":"https:\/\/gec.unlu.edu.ar\/index.php\/wp-json\/wp\/v2\/users\/1"}],"replies":[{"embeddable":true,"href":"https:\/\/gec.unlu.edu.ar\/index.php\/wp-json\/wp\/v2\/comments?post=57"}],"version-history":[{"count":20,"href":"https:\/\/gec.unlu.edu.ar\/index.php\/wp-json\/wp\/v2\/pages\/57\/revisions"}],"predecessor-version":[{"id":306,"href":"https:\/\/gec.unlu.edu.ar\/index.php\/wp-json\/wp\/v2\/pages\/57\/revisions\/306"}],"wp:attachment":[{"href":"https:\/\/gec.unlu.edu.ar\/index.php\/wp-json\/wp\/v2\/media?parent=57"}],"curies":[{"name":"wp","href":"https:\/\/api.w.org\/{rel}","templated":true}]}}