{"id":58,"date":"2019-11-21T15:09:19","date_gmt":"2019-11-21T18:09:19","guid":{"rendered":"http:\/\/gec.unlu.edu.ar\/?page_id=58"},"modified":"2024-09-19T19:15:14","modified_gmt":"2024-09-19T22:15:14","slug":"recursos","status":"publish","type":"page","link":"https:\/\/gec.unlu.edu.ar\/index.php\/recursos\/","title":{"rendered":"Recursos"},"content":{"rendered":"\n<p><strong>FINANCIAMIENTO NACIONAL E INTERNACIONAL<\/strong><\/p>\n\n\n\n<p><br><strong>PICT 2022-2022-05-00321<\/strong>.<strong> <\/strong>PROYECTO DE INVESTIGACI\u00d3N CIENTIFICA &#8211; FUNDACI\u00d3N BARCEL\u00d3. Funci\u00f3n: Directora A\u00f1o: 2024-2027 <br>T\u00edtulo: Aportes meta-transcript\u00f3micos en Colitis Ulcerosa: evaluaci\u00f3n de la comunicaci\u00f3n microbioma &#8211; hospedador en un contexto inter-reino. Funci\u00f3n: Directora A\u00f1o: 2024-2026. T\u00edtulo: \u201cEstudios de comunicaci\u00f3n inter-reino en la era de las \u00f3micas: B\u00fasqueda de nuevos biomarcadores del ecosistema intestinal y sist\u00e9mico asociado a Enfermedad Inflamatoria Intestinal\u201d<\/p>\n\n\n\n<p><strong>PICT-2021-CAT-I-00169. <\/strong>PROYECTOS DE INVESTIGACI\u00d3N CIENT\u00cdFICA Y TECNOL\u00d3GICA APLICADOS PRESENTADOS AL FONCyT Funci\u00f3n: Grupo Responsable A\u00f1o: 2022-2023. T\u00edtulo: \u201cObtenci\u00f3n y caracterizaci\u00f3n de aislados de caseinomacrop\u00e9ptido con propiedades inmunoreguladoras para uso potencial en alimentos\u201d <\/p>\n\n\n\n<p><strong>PICT\u2013 2019-01339 Res. N\u00b0 015-2021. <\/strong>Funci\u00f3n: Directora A\u00f1o: 2021-2024 Monto: 1.063.125.\u201cEstrategias \u00f3micas para la b\u00fasqueda de nuevos biomarcadores epigen\u00e9ticos y metagen\u00f3micos sist\u00e9micos en Enfermedad Inflamatoria Intestinal\u201d<br><\/p>\n\n\n\n<p><strong>PICT-2020-SERIE A-00655. <\/strong>Funci\u00f3n: Investigador Integrante Grupo Responsable A\u00f1o: 2021-2024. T\u00edtulo: \u201cEfectos interactivos del biofilm, el Ibuprofeno y el Ars\u00e9nico sobre la toxicidad para un pez nativo en un sistema de microcosmos<\/p>\n\n\n\n<p><strong>Proyecto: Departamental &#8211; Ciencias B\u00e1sicas UNLU Disp. CD-CB N\u00b0 517-19. <\/strong>Funci\u00f3n: Directora A\u00f1o: 2020-2024 . \u201cNuevos Horizontes en medicina de precisi\u00f3n: Estudios Transcript\u00f3micos y Metagen\u00f3micos Sist\u00e9micos en Enfermedad Inflamatoria Intestinal<br><\/p>\n\n\n\n<p><strong>Proyecto Interdivisional <\/strong>UNLU DISPPCD-CBLUJ: 0000287-18 6 Funci\u00f3n: Co-Directora A\u00f1o: 2018-2019.T\u00edtulo: \u201cMetagen\u00f3mica &amp; IgA-Seq en EII: Hacia nuevos biomarcadores en patolog\u00edas complejas con componente inflamatorio.\u201d Director: Dr. Alberto Penas Steinhardt<\/p>\n\n\n\n<p><strong>Proyecto de Investigaci\u00f3n Cient\u00edfica <\/strong>&#8211; Fundaci\u00f3n Barcel\u00f3 &#8211; 2021 Funci\u00f3n: Directora A\u00f1o: 2022-2023. T\u00edtulo: \u201cNuevos Horizontes en medicina de precisi\u00f3n: Estudios Transcript\u00f3micos y Metagen\u00f3micos Sist\u00e9micos en Enfermedad Inflamatoria Intestinal\u201d <\/p>\n\n\n\n<p><strong>Estudio metagen\u00f3mico de asociaci\u00f3n en obesidad: \u201cAn\u00e1lisis comparativo de la microbiota intestinal en poblaci\u00f3n argentina.\u201d <\/strong><br>Universidad Nacional de Luj\u00e1n<br>Disposici\u00f3n: DISPCD-CBLUJ:0000210-17<br>Director: Penas Steinhardt<br><\/p>\n\n\n\n<p><strong>\u201cGen\u00e9tica, Epigen\u00e9tica y Metagen\u00f3mica de Enfermedades Inflamatorias Intestinales. Desarrollo de nuevas herramientas diagn\u00f3sticas, pronosticas y de seguimiento\u201d<\/strong><br>Universidad Nacional de Luj\u00e1n<br>Disposici\u00f3n: CDD-CB:435-16<br>Directora: Dra. Belforte<br><\/p>\n\n\n\n<p><strong>B\u00fasqueda de nuevos biomarcadores en patolog\u00edas complejas con componente inflamatorio. Desarrollo de herramientas de \u00faltima generaci\u00f3n para el estudio de Lupus Eritematoso Sist\u00e9mico en la era de las \u00f3micas. <\/strong><br>Universidad Nacional de Luj\u00e1n <br>Disposici\u00f3n: CD-CB N\u00ba 421\/17<br>Directora: Dra. Belforte <br><\/p>\n\n\n\n<p><strong>Metagen\u00f3mica &amp; IgA-Seq en Enfermedades Inflamatorias Intestinales: Hacia nuevos biomarcadores en patolog\u00edas complejas con componente inflamatorio. <\/strong><br>Universidad Nacional de Luj\u00e1n<br>Director: Dr. Penas Steinhardt<br><\/p>\n\n\n\n<p><strong>PICT\u2013 2017-2406. \u201cMetagen\u00f3mica &amp; IgA-Seq en Enfermedades Inflamatorias Intestinales. Hacia nuevos biomarcadores en patolog\u00edas complejas con componente inflamatorio.\u201d<\/strong> <br>Direcci\u00f3n: Dra. Belforte<br><\/p>\n\n\n\n<p><strong>Sociedad Argentina de Gastroenterolog\u00eda<\/strong> (SAGE) 2018 <br>Fondos para la Investigaci\u00f3n en Microbiota en Gastroenterolog\u00eda<br><\/p>\n\n\n\n<p><strong>Novartis Medical Affairs Concept Sheet (MACS) For Investigator Initiated Trials: <\/strong>Metagenomic association study of gut microbiota in psoriasis.<br><\/p>\n\n\n\n<p><strong>Proyecto Mount Sinai \/INTERNATIONAL EXCHANGE PROGRAM for MINORITY STUDENTS:<\/strong> \u201cHuman Microbiota study of the Buenos Aires Population\u201d<br>Director: Alberto Penas Steinhardt<\/p>\n\n\n\n<p>Proyecto <strong>Fundaci\u00f3n Barcelo.<\/strong> Metagen\u00f3mica en Enfermedades Inflamatorias Intestinales Cr\u00f3nicas.&nbsp; <br>Director: Alberto Penas Steinhardt<br><\/p>\n\n\n\n<p><strong>Proyecto Fundaci\u00f3n Barcelo res. HCS N\u00ba 6642: Estudio metagen\u00f3mico de la microbiota intestinal en poblaci\u00f3n argentina. <\/strong><br>Director: Alberto Penas Steinhardt <br><\/p>\n\n\n\n<p><strong>Fundaci\u00f3n Florencio Fiorini y Asociaci\u00f3n M\u00e9dica Argentina<\/strong> <strong>(AMA) <\/strong>Subsidio en Investigaci\u00f3n M\u00e9dica<br>Direcci\u00f3n: Dra. Belforte<br><\/p>\n\n\n\n<p><strong>Fundaci\u00f3n Florencio Fiorini<\/strong> . <strong>Beca Est\u00edmulo para investigaci\u00f3n en medicina otorgadas con el auspicio de la Asociaci\u00f3n M\u00e9dica Argentina.<\/strong> Beneficiario: Dra Mar\u00eda Jimena Cerezo<br>Director: Alberto Penas Steinhardt. <br><\/p>\n\n\n\n<p><strong>Maestr\u00eda en Biolog\u00eda Molecular M\u00e9dica<\/strong>. Subsidio de Apoyo a la Investigaci\u00f3n. <br>M\u00e9dica Evangelina Areniello-Direcci\u00f3n Federico Coluccio Leskow. <br>Direcci\u00f3n Adjunta Dra. Belforte. <br><\/p>\n","protected":false},"excerpt":{"rendered":"<p>FINANCIAMIENTO NACIONAL E INTERNACIONAL PICT 2022-2022-05-00321. PROYECTO DE INVESTIGACI\u00d3N CIENTIFICA &#8211; FUNDACI\u00d3N BARCEL\u00d3. Funci\u00f3n: Directora A\u00f1o: 2024-2027 T\u00edtulo: Aportes meta-transcript\u00f3micos en Colitis Ulcerosa: evaluaci\u00f3n de la comunicaci\u00f3n microbioma &#8211; hospedador en un contexto inter-reino. Funci\u00f3n: Directora A\u00f1o: 2024-2026. T\u00edtulo: \u201cEstudios de comunicaci\u00f3n inter-reino en la era de las \u00f3micas: B\u00fasqueda de nuevos biomarcadores del ecosistema &hellip; <a href=\"https:\/\/gec.unlu.edu.ar\/index.php\/recursos\/\" class=\"more-link\">Continuar leyendo<span class=\"screen-reader-text\"> &#8220;Recursos&#8221;<\/span><\/a><\/p>\n","protected":false},"author":1,"featured_media":0,"parent":0,"menu_order":0,"comment_status":"closed","ping_status":"closed","template":"","meta":{"footnotes":""},"_links":{"self":[{"href":"https:\/\/gec.unlu.edu.ar\/index.php\/wp-json\/wp\/v2\/pages\/58"}],"collection":[{"href":"https:\/\/gec.unlu.edu.ar\/index.php\/wp-json\/wp\/v2\/pages"}],"about":[{"href":"https:\/\/gec.unlu.edu.ar\/index.php\/wp-json\/wp\/v2\/types\/page"}],"author":[{"embeddable":true,"href":"https:\/\/gec.unlu.edu.ar\/index.php\/wp-json\/wp\/v2\/users\/1"}],"replies":[{"embeddable":true,"href":"https:\/\/gec.unlu.edu.ar\/index.php\/wp-json\/wp\/v2\/comments?post=58"}],"version-history":[{"count":7,"href":"https:\/\/gec.unlu.edu.ar\/index.php\/wp-json\/wp\/v2\/pages\/58\/revisions"}],"predecessor-version":[{"id":302,"href":"https:\/\/gec.unlu.edu.ar\/index.php\/wp-json\/wp\/v2\/pages\/58\/revisions\/302"}],"wp:attachment":[{"href":"https:\/\/gec.unlu.edu.ar\/index.php\/wp-json\/wp\/v2\/media?parent=58"}],"curies":[{"name":"wp","href":"https:\/\/api.w.org\/{rel}","templated":true}]}}