{"id":59,"date":"2019-11-21T15:09:20","date_gmt":"2019-11-21T18:09:20","guid":{"rendered":"http:\/\/gec.unlu.edu.ar\/?page_id=59"},"modified":"2023-02-28T20:36:55","modified_gmt":"2023-02-28T23:36:55","slug":"cursos","status":"publish","type":"page","link":"https:\/\/gec.unlu.edu.ar\/index.php\/cursos\/","title":{"rendered":"Cursos"},"content":{"rendered":"\n<p><strong>Curso de Posgrado \u201cMicrobiota en Nutrici\u00f3n Cl\u00ednica\u201d  <\/strong><br>Nutrinfo: Agosto-Octubre 2022   <br><a href=\"https:\/\/www.nutrinfo.com\/curso_microbiota_en_nutricion_clinica_2022\/curso_microbiota_en_nutricion_clinica_2022.php\">https:\/\/www.nutrinfo.com\/curso_microbiota_en_nutricion_clinica_2022\/curso_microbiota_en_nutricion_clinica_2022.php<\/a> <\/p>\n\n\n\n<p style=\"text-align:left\"><strong>Simposio GeC-CIATI:  \u201cHerramientas de Secuenciaci\u00f3n de \u00daltima Generaci\u00f3n en la Industria Alimentos\u201d<\/strong>.                                                                 Octubre 2021<\/p>\n\n\n\n<div class=\"wp-block-image\"><figure class=\"alignleft is-resized\"><img decoding=\"async\" loading=\"lazy\" src=\"http:\/\/gec.unlu.edu.ar\/wp-content\/uploads\/2019\/11\/ebi.jpeg\" alt=\"\" class=\"wp-image-143\" width=\"100\" height=\"100\"\/><\/figure><\/div>\n\n\n\n<p><strong>EMBL-EBI&nbsp;<\/strong>*&nbsp;<strong>Ensembl Browser Workshop \u2013 UNLu 2019<\/strong><br><\/p>\n\n\n\n<p class=\"has-small-font-size\"><a rel=\"noreferrer noopener\" aria-label=\" (abre en una nueva pesta\u00f1a)\" href=\"https:\/\/www.ebi.ac.uk\/training\/events\/2019\/ensembl-browser-workshop-university-lujan-13-may-2019\" target=\"_blank\">https:\/\/www.ebi.ac.uk\/training\/events\/2019\/ensembl-browser-workshop-university-lujan-13-may-2019<\/a>\u00a0 <\/p>\n\n\n\n<p><\/p>\n\n\n\n<p style=\"text-align:left\"> <br><strong>Introducci\u00f3n a la Bioinform\u00e1tica 2018 <\/strong><br>Universidad Nacional de Luj\u00e1n<br>Departamento de Ciencias B\u00e1sicas <br><\/p>\n\n\n\n<p style=\"text-align:left\"><strong>Introducci\u00f3n a la Bioinform\u00e1tica 2017 <\/strong><br>Universidad Nacional de Luj\u00e1n<br>Departamento de Ciencias B\u00e1sicas<br><\/p>\n\n\n\n<p><\/p>\n\n\n\n<p><br><\/p>\n\n\n\n<p><br><\/p>\n","protected":false},"excerpt":{"rendered":"<p>Curso de Posgrado \u201cMicrobiota en Nutrici\u00f3n Cl\u00ednica\u201d Nutrinfo: Agosto-Octubre 2022 https:\/\/www.nutrinfo.com\/curso_microbiota_en_nutricion_clinica_2022\/curso_microbiota_en_nutricion_clinica_2022.php Simposio GeC-CIATI: \u201cHerramientas de Secuenciaci\u00f3n de \u00daltima Generaci\u00f3n en la Industria Alimentos\u201d. Octubre 2021 EMBL-EBI&nbsp;*&nbsp;Ensembl Browser Workshop \u2013 UNLu 2019 https:\/\/www.ebi.ac.uk\/training\/events\/2019\/ensembl-browser-workshop-university-lujan-13-may-2019\u00a0 Introducci\u00f3n a la Bioinform\u00e1tica 2018 Universidad Nacional de Luj\u00e1nDepartamento de Ciencias B\u00e1sicas Introducci\u00f3n a la Bioinform\u00e1tica 2017 Universidad Nacional de Luj\u00e1nDepartamento de Ciencias &hellip; <a href=\"https:\/\/gec.unlu.edu.ar\/index.php\/cursos\/\" class=\"more-link\">Continuar leyendo<span class=\"screen-reader-text\"> &#8220;Cursos&#8221;<\/span><\/a><\/p>\n","protected":false},"author":1,"featured_media":0,"parent":0,"menu_order":0,"comment_status":"closed","ping_status":"closed","template":"","meta":{"footnotes":""},"_links":{"self":[{"href":"https:\/\/gec.unlu.edu.ar\/index.php\/wp-json\/wp\/v2\/pages\/59"}],"collection":[{"href":"https:\/\/gec.unlu.edu.ar\/index.php\/wp-json\/wp\/v2\/pages"}],"about":[{"href":"https:\/\/gec.unlu.edu.ar\/index.php\/wp-json\/wp\/v2\/types\/page"}],"author":[{"embeddable":true,"href":"https:\/\/gec.unlu.edu.ar\/index.php\/wp-json\/wp\/v2\/users\/1"}],"replies":[{"embeddable":true,"href":"https:\/\/gec.unlu.edu.ar\/index.php\/wp-json\/wp\/v2\/comments?post=59"}],"version-history":[{"count":23,"href":"https:\/\/gec.unlu.edu.ar\/index.php\/wp-json\/wp\/v2\/pages\/59\/revisions"}],"predecessor-version":[{"id":286,"href":"https:\/\/gec.unlu.edu.ar\/index.php\/wp-json\/wp\/v2\/pages\/59\/revisions\/286"}],"wp:attachment":[{"href":"https:\/\/gec.unlu.edu.ar\/index.php\/wp-json\/wp\/v2\/media?parent=59"}],"curies":[{"name":"wp","href":"https:\/\/api.w.org\/{rel}","templated":true}]}}